{"id":64,"date":"2020-09-29T12:41:36","date_gmt":"2020-09-29T12:41:36","guid":{"rendered":"https:\/\/lamas-stuttgart.de\/?page_id=64"},"modified":"2022-11-08T09:37:17","modified_gmt":"2022-11-08T09:37:17","slug":"standort","status":"publish","type":"page","link":"https:\/\/lamas-stuttgart.de\/index.php\/standort\/","title":{"rendered":"Standort"},"content":{"rendered":"\t\t<div data-elementor-type=\"wp-page\" data-elementor-id=\"64\" class=\"elementor elementor-64\">\n\t\t\t\t\t\t<section class=\"elementor-section elementor-top-section elementor-element elementor-element-5db85ed elementor-section-full_width elementor-section-stretched elementor-section-height-min-height elementor-section-height-default elementor-section-items-middle\" data-id=\"5db85ed\" data-element_type=\"section\" data-settings=\"{&quot;stretch_section&quot;:&quot;section-stretched&quot;}\">\n\t\t\t\t\t\t<div class=\"elementor-container elementor-column-gap-default\">\n\t\t\t\t\t<div class=\"elementor-column elementor-col-100 elementor-top-column elementor-element elementor-element-49e593b\" data-id=\"49e593b\" data-element_type=\"column\">\n\t\t\t<div class=\"elementor-widget-wrap elementor-element-populated\">\n\t\t\t\t\t\t<div class=\"elementor-element elementor-element-5101256 elementor-widget__width-inherit elementor-widget elementor-widget-image\" data-id=\"5101256\" data-element_type=\"widget\" data-widget_type=\"image.default\">\n\t\t\t\t<div class=\"elementor-widget-container\">\n\t\t\t\t\t\t\t\t\t\t\t\t\t\t\t<img fetchpriority=\"high\" decoding=\"async\" width=\"1024\" height=\"171\" src=\"https:\/\/lamas-stuttgart.de\/wp-content\/uploads\/2020\/09\/head_standort-1024x171.jpg\" class=\"attachment-large size-large wp-image-96\" alt=\"\" srcset=\"https:\/\/lamas-stuttgart.de\/wp-content\/uploads\/2020\/09\/head_standort-1024x171.jpg 1024w, https:\/\/lamas-stuttgart.de\/wp-content\/uploads\/2020\/09\/head_standort-300x50.jpg 300w, https:\/\/lamas-stuttgart.de\/wp-content\/uploads\/2020\/09\/head_standort-768x128.jpg 768w, https:\/\/lamas-stuttgart.de\/wp-content\/uploads\/2020\/09\/head_standort-1536x256.jpg 1536w, https:\/\/lamas-stuttgart.de\/wp-content\/uploads\/2020\/09\/head_standort-2048x341.jpg 2048w, https:\/\/lamas-stuttgart.de\/wp-content\/uploads\/2020\/09\/head_standort-scaled.jpg 1000w\" sizes=\"(max-width: 1024px) 100vw, 1024px\" \/>\t\t\t\t\t\t\t\t\t\t\t\t\t\t\t<\/div>\n\t\t\t\t<\/div>\n\t\t\t\t\t<\/div>\n\t\t<\/div>\n\t\t\t\t\t<\/div>\n\t\t<\/section>\n\t\t\t\t<section class=\"elementor-section elementor-top-section elementor-element elementor-element-0d4290b elementor-section-boxed elementor-section-height-default elementor-section-height-default\" data-id=\"0d4290b\" data-element_type=\"section\">\n\t\t\t\t\t\t<div class=\"elementor-container elementor-column-gap-default\">\n\t\t\t\t\t<div class=\"elementor-column elementor-col-100 elementor-top-column elementor-element elementor-element-d6a89df\" data-id=\"d6a89df\" data-element_type=\"column\">\n\t\t\t<div class=\"elementor-widget-wrap elementor-element-populated\">\n\t\t\t\t\t\t<div class=\"elementor-element elementor-element-bc8036d elementor-widget elementor-widget-spacer\" data-id=\"bc8036d\" data-element_type=\"widget\" data-widget_type=\"spacer.default\">\n\t\t\t\t<div class=\"elementor-widget-container\">\n\t\t\t\t\t\t\t<div class=\"elementor-spacer\">\n\t\t\t<div class=\"elementor-spacer-inner\"><\/div>\n\t\t<\/div>\n\t\t\t\t\t\t<\/div>\n\t\t\t\t<\/div>\n\t\t\t\t<div class=\"elementor-element elementor-element-d2ea758 elementor-widget elementor-widget-text-editor\" data-id=\"d2ea758\" data-element_type=\"widget\" data-widget_type=\"text-editor.default\">\n\t\t\t\t<div class=\"elementor-widget-container\">\n\t\t\t\t\t\t\t\t\t<p><strong>Wir sind hier!<\/strong><\/p><p>Unsere Anlage umfasst ca. 90 Ar und besteht aus Weiden und Tennispl\u00e4tzen. Letztere bieten einen idealen, nie matschigen Untergrund f\u00fcr die Tiere. Die Pl\u00e4tze sind seit Jahrzehnten unbespielt und von daher wieder mit B\u00e4umen und anderen Pflanzen bewachsen. Der rote Sandboden bietet f\u00fcr die Kameliden au\u00dferdem tolle W\u00e4lzpl\u00e4tze (ihr Vlies ist daher immer leicht rosa gepudert). Das Gehege befindet sich in Stuttgart-Stammheim, auf dem Gel\u00e4nde von &#8222;Fun, Sport, Events&#8220;. Man kann von dort direkt loslaufen \u00fcber Felder, Wiesen und durch den Wald.<\/p><p>Emerholzweg 73, 70439 Stuttgart<\/p>\t\t\t\t\t\t\t\t<\/div>\n\t\t\t\t<\/div>\n\t\t\t\t<div class=\"elementor-element elementor-element-faa2bf1 elementor-widget elementor-widget-shortcode\" data-id=\"faa2bf1\" data-element_type=\"widget\" data-widget_type=\"shortcode.default\">\n\t\t\t\t<div class=\"elementor-widget-container\">\n\t\t\t\t\t\t\t<div class=\"elementor-shortcode\">    <div class=\"exggmap-wrapper is-style-wide\" style=\"aspect-ratio:16 \/ 9\">\r\n      <div class=\"exggmap-mask\" style=\"background-color: #ffffff; color:#000000\">\r\n        <div class=\"exggmap-mask-content\">\r\n        <p class=\"exggmap-caption\">DSGVO MAP<\/p>\r\n            <button style=\"color: #000000; background-color: #ffffff; border-color: #000000\"  id=\"exggmap-btn\">Karte laden *<\/button>\r\n        <\/div>\r\n              <\/div>\r\n      <iframe\r\n        data-src=\"https:\/\/www.google.com\/maps\/embed?pb=!1m18!1m12!1m3!1d5443.404512739154!2d9.129081968468297!3d48.85444615889236!2m3!1f0!2f0!3f0!3m2!1i1024!2i768!4f13.1!3m3!1m2!1s0x4799d0911cbf6635%3A0x3795e5c149b91e8!2sEmerholzweg%2073%2C%2070439%20Stuttgart!5e0!3m2!1sde!2sde!4v1667900008089!5m2!1sde!2sde\"\r\n        frameborder=\"0\"\r\n        allowfullscreen=\"\"\r\n        aria-hidden=\"false\"\r\n        tabindex=\"0\">\r\n      <\/iframe>\r\n    <\/div>\r\n    <p class=\"exampp-hints\">\r\n    * Mit dem Laden der Karte akzeptieren Sie die Datenschutzerkl\u00e4rung von Google.      <a\r\n        target=\"_blank\"\r\n        rel=\"noopener noreferrer\"\r\n        href=\"https:\/\/policies.google.com\/privacy?hl=de\">Mehr erfahren<\/a>\r\n    <\/p>\r\n\t<\/div>\n\t\t\t\t\t\t<\/div>\n\t\t\t\t<\/div>\n\t\t\t\t<div class=\"elementor-element elementor-element-1ce2772 gallery-spacing-custom elementor-widget elementor-widget-image-gallery\" data-id=\"1ce2772\" data-element_type=\"widget\" data-widget_type=\"image-gallery.default\">\n\t\t\t\t<div class=\"elementor-widget-container\">\n\t\t\t\t\t\t\t<div class=\"elementor-image-gallery\">\n\t\t\t<div id='gallery-1' class='gallery galleryid-64 gallery-columns-3 gallery-size-medium_large'><figure class='gallery-item'>\n\t\t\t<div class='gallery-icon landscape'>\n\t\t\t\t<a data-elementor-open-lightbox=\"yes\" data-elementor-lightbox-slideshow=\"1ce2772\" data-elementor-lightbox-title=\"a2 Leonardo\" data-e-action-hash=\"#elementor-action%3Aaction%3Dlightbox%26settings%3DeyJpZCI6NTAsInVybCI6Imh0dHBzOlwvXC9sYW1hcy1zdHV0dGdhcnQuZGVcL3dwLWNvbnRlbnRcL3VwbG9hZHNcLzIwMjBcLzA5XC9hMi1MZW9uYXJkby5qcGciLCJzbGlkZXNob3ciOiIxY2UyNzcyIn0%3D\" href='https:\/\/lamas-stuttgart.de\/wp-content\/uploads\/2020\/09\/a2-Leonardo.jpg'><img decoding=\"async\" width=\"768\" height=\"460\" src=\"https:\/\/lamas-stuttgart.de\/wp-content\/uploads\/2020\/09\/a2-Leonardo-768x460.jpg\" class=\"attachment-medium_large size-medium_large\" alt=\"\" srcset=\"https:\/\/lamas-stuttgart.de\/wp-content\/uploads\/2020\/09\/a2-Leonardo-768x460.jpg 768w, https:\/\/lamas-stuttgart.de\/wp-content\/uploads\/2020\/09\/a2-Leonardo-300x180.jpg 300w, https:\/\/lamas-stuttgart.de\/wp-content\/uploads\/2020\/09\/a2-Leonardo-1024x614.jpg 1024w, https:\/\/lamas-stuttgart.de\/wp-content\/uploads\/2020\/09\/a2-Leonardo-1536x921.jpg 1536w, https:\/\/lamas-stuttgart.de\/wp-content\/uploads\/2020\/09\/a2-Leonardo-2048x1228.jpg 2048w, https:\/\/lamas-stuttgart.de\/wp-content\/uploads\/2020\/09\/a2-Leonardo.jpg 1000w\" sizes=\"(max-width: 768px) 100vw, 768px\" \/><\/a>\n\t\t\t<\/div><\/figure><figure class='gallery-item'>\n\t\t\t<div class='gallery-icon landscape'>\n\t\t\t\t<a data-elementor-open-lightbox=\"yes\" data-elementor-lightbox-slideshow=\"1ce2772\" data-elementor-lightbox-title=\"a Tamino\" data-e-action-hash=\"#elementor-action%3Aaction%3Dlightbox%26settings%3DeyJpZCI6NDksInVybCI6Imh0dHBzOlwvXC9sYW1hcy1zdHV0dGdhcnQuZGVcL3dwLWNvbnRlbnRcL3VwbG9hZHNcLzIwMjBcLzA5XC9hLVRhbWluby5qcGciLCJzbGlkZXNob3ciOiIxY2UyNzcyIn0%3D\" href='https:\/\/lamas-stuttgart.de\/wp-content\/uploads\/2020\/09\/a-Tamino.jpg'><img decoding=\"async\" width=\"768\" height=\"460\" src=\"https:\/\/lamas-stuttgart.de\/wp-content\/uploads\/2020\/09\/a-Tamino-768x460.jpg\" class=\"attachment-medium_large size-medium_large\" alt=\"\" srcset=\"https:\/\/lamas-stuttgart.de\/wp-content\/uploads\/2020\/09\/a-Tamino-768x460.jpg 768w, https:\/\/lamas-stuttgart.de\/wp-content\/uploads\/2020\/09\/a-Tamino-300x180.jpg 300w, https:\/\/lamas-stuttgart.de\/wp-content\/uploads\/2020\/09\/a-Tamino-1024x614.jpg 1024w, https:\/\/lamas-stuttgart.de\/wp-content\/uploads\/2020\/09\/a-Tamino-1536x921.jpg 1536w, https:\/\/lamas-stuttgart.de\/wp-content\/uploads\/2020\/09\/a-Tamino-2048x1228.jpg 2048w, https:\/\/lamas-stuttgart.de\/wp-content\/uploads\/2020\/09\/a-Tamino.jpg 1000w\" sizes=\"(max-width: 768px) 100vw, 768px\" \/><\/a>\n\t\t\t<\/div><\/figure><figure class='gallery-item'>\n\t\t\t<div class='gallery-icon landscape'>\n\t\t\t\t<a data-elementor-open-lightbox=\"yes\" data-elementor-lightbox-slideshow=\"1ce2772\" data-elementor-lightbox-title=\"a Shannon\" data-e-action-hash=\"#elementor-action%3Aaction%3Dlightbox%26settings%3DeyJpZCI6NDgsInVybCI6Imh0dHBzOlwvXC9sYW1hcy1zdHV0dGdhcnQuZGVcL3dwLWNvbnRlbnRcL3VwbG9hZHNcLzIwMjBcLzA5XC9hLVNoYW5ub24uanBnIiwic2xpZGVzaG93IjoiMWNlMjc3MiJ9\" href='https:\/\/lamas-stuttgart.de\/wp-content\/uploads\/2020\/09\/a-Shannon.jpg'><img loading=\"lazy\" decoding=\"async\" width=\"768\" height=\"460\" src=\"https:\/\/lamas-stuttgart.de\/wp-content\/uploads\/2020\/09\/a-Shannon-768x460.jpg\" class=\"attachment-medium_large size-medium_large\" alt=\"\" srcset=\"https:\/\/lamas-stuttgart.de\/wp-content\/uploads\/2020\/09\/a-Shannon-768x460.jpg 768w, https:\/\/lamas-stuttgart.de\/wp-content\/uploads\/2020\/09\/a-Shannon-300x180.jpg 300w, https:\/\/lamas-stuttgart.de\/wp-content\/uploads\/2020\/09\/a-Shannon-1024x614.jpg 1024w, https:\/\/lamas-stuttgart.de\/wp-content\/uploads\/2020\/09\/a-Shannon-1536x921.jpg 1536w, https:\/\/lamas-stuttgart.de\/wp-content\/uploads\/2020\/09\/a-Shannon-2048x1228.jpg 2048w, https:\/\/lamas-stuttgart.de\/wp-content\/uploads\/2020\/09\/a-Shannon.jpg 1000w\" sizes=\"(max-width: 768px) 100vw, 768px\" \/><\/a>\n\t\t\t<\/div><\/figure>\n\t\t<\/div>\n\t\t<\/div>\n\t\t\t\t\t\t<\/div>\n\t\t\t\t<\/div>\n\t\t\t\t\t<\/div>\n\t\t<\/div>\n\t\t\t\t\t<\/div>\n\t\t<\/section>\n\t\t\t\t<\/div>\n\t\t","protected":false},"excerpt":{"rendered":"<p>Wir sind hier! Unsere Anlage umfasst ca. 90 Ar und besteht aus Weiden und Tennispl\u00e4tzen. Letztere bieten einen idealen, nie matschigen Untergrund f\u00fcr die Tiere. Die Pl\u00e4tze sind seit Jahrzehnten unbespielt und von daher wieder mit B\u00e4umen und anderen Pflanzen bewachsen. Der rote Sandboden bietet f\u00fcr die Kameliden au\u00dferdem tolle W\u00e4lzpl\u00e4tze (ihr Vlies ist daher [&hellip;]<\/p>\n","protected":false},"author":1,"featured_media":0,"parent":0,"menu_order":0,"comment_status":"closed","ping_status":"closed","template":"elementor_header_footer","meta":{"footnotes":""},"class_list":["post-64","page","type-page","status-publish","hentry","entry"],"_links":{"self":[{"href":"https:\/\/lamas-stuttgart.de\/index.php\/wp-json\/wp\/v2\/pages\/64","targetHints":{"allow":["GET"]}}],"collection":[{"href":"https:\/\/lamas-stuttgart.de\/index.php\/wp-json\/wp\/v2\/pages"}],"about":[{"href":"https:\/\/lamas-stuttgart.de\/index.php\/wp-json\/wp\/v2\/types\/page"}],"author":[{"embeddable":true,"href":"https:\/\/lamas-stuttgart.de\/index.php\/wp-json\/wp\/v2\/users\/1"}],"replies":[{"embeddable":true,"href":"https:\/\/lamas-stuttgart.de\/index.php\/wp-json\/wp\/v2\/comments?post=64"}],"version-history":[{"count":0,"href":"https:\/\/lamas-stuttgart.de\/index.php\/wp-json\/wp\/v2\/pages\/64\/revisions"}],"wp:attachment":[{"href":"https:\/\/lamas-stuttgart.de\/index.php\/wp-json\/wp\/v2\/media?parent=64"}],"curies":[{"name":"wp","href":"https:\/\/api.w.org\/{rel}","templated":true}]}}