{"id":106,"date":"2020-09-29T15:07:36","date_gmt":"2020-09-29T15:07:36","guid":{"rendered":"https:\/\/lamas-stuttgart.de\/?page_id=106"},"modified":"2020-10-07T09:41:54","modified_gmt":"2020-10-07T09:41:54","slug":"angebote","status":"publish","type":"page","link":"https:\/\/lamas-stuttgart.de\/index.php\/angebote\/","title":{"rendered":"Angebote"},"content":{"rendered":"\t\t<div data-elementor-type=\"wp-page\" data-elementor-id=\"106\" class=\"elementor elementor-106\">\n\t\t\t\t\t\t<section class=\"elementor-section elementor-top-section elementor-element elementor-element-5db85ed elementor-section-full_width elementor-section-stretched elementor-section-height-min-height elementor-section-height-default elementor-section-items-middle\" data-id=\"5db85ed\" data-element_type=\"section\" data-settings=\"{&quot;stretch_section&quot;:&quot;section-stretched&quot;}\">\n\t\t\t\t\t\t<div class=\"elementor-container elementor-column-gap-default\">\n\t\t\t\t\t<div class=\"elementor-column elementor-col-100 elementor-top-column elementor-element elementor-element-49e593b\" data-id=\"49e593b\" data-element_type=\"column\">\n\t\t\t<div class=\"elementor-widget-wrap elementor-element-populated\">\n\t\t\t\t\t\t<div class=\"elementor-element elementor-element-5101256 elementor-widget__width-inherit elementor-widget elementor-widget-image\" data-id=\"5101256\" data-element_type=\"widget\" data-widget_type=\"image.default\">\n\t\t\t\t<div class=\"elementor-widget-container\">\n\t\t\t\t\t\t\t\t\t\t\t\t\t\t\t<img fetchpriority=\"high\" decoding=\"async\" width=\"1024\" height=\"171\" src=\"https:\/\/lamas-stuttgart.de\/wp-content\/uploads\/2020\/09\/head_angebot-1024x171.jpg\" class=\"attachment-large size-large wp-image-114\" alt=\"\" srcset=\"https:\/\/lamas-stuttgart.de\/wp-content\/uploads\/2020\/09\/head_angebot-1024x171.jpg 1024w, https:\/\/lamas-stuttgart.de\/wp-content\/uploads\/2020\/09\/head_angebot-300x50.jpg 300w, https:\/\/lamas-stuttgart.de\/wp-content\/uploads\/2020\/09\/head_angebot-768x128.jpg 768w, https:\/\/lamas-stuttgart.de\/wp-content\/uploads\/2020\/09\/head_angebot-1536x256.jpg 1536w, https:\/\/lamas-stuttgart.de\/wp-content\/uploads\/2020\/09\/head_angebot-2048x341.jpg 2048w, https:\/\/lamas-stuttgart.de\/wp-content\/uploads\/2020\/09\/head_angebot-scaled.jpg 1000w\" sizes=\"(max-width: 1024px) 100vw, 1024px\" \/>\t\t\t\t\t\t\t\t\t\t\t\t\t\t\t<\/div>\n\t\t\t\t<\/div>\n\t\t\t\t\t<\/div>\n\t\t<\/div>\n\t\t\t\t\t<\/div>\n\t\t<\/section>\n\t\t\t\t<section class=\"elementor-section elementor-top-section elementor-element elementor-element-0d4290b elementor-section-boxed elementor-section-height-default elementor-section-height-default\" data-id=\"0d4290b\" data-element_type=\"section\">\n\t\t\t\t\t\t<div class=\"elementor-container elementor-column-gap-default\">\n\t\t\t\t\t<div class=\"elementor-column elementor-col-100 elementor-top-column elementor-element elementor-element-d6a89df\" data-id=\"d6a89df\" data-element_type=\"column\">\n\t\t\t<div class=\"elementor-widget-wrap elementor-element-populated\">\n\t\t\t\t\t\t<div class=\"elementor-element elementor-element-bc8036d elementor-widget elementor-widget-spacer\" data-id=\"bc8036d\" data-element_type=\"widget\" data-widget_type=\"spacer.default\">\n\t\t\t\t<div class=\"elementor-widget-container\">\n\t\t\t\t\t\t\t<div class=\"elementor-spacer\">\n\t\t\t<div class=\"elementor-spacer-inner\"><\/div>\n\t\t<\/div>\n\t\t\t\t\t\t<\/div>\n\t\t\t\t<\/div>\n\t\t\t\t<div class=\"elementor-element elementor-element-d2ea758 elementor-widget elementor-widget-text-editor\" data-id=\"d2ea758\" data-element_type=\"widget\" data-widget_type=\"text-editor.default\">\n\t\t\t\t<div class=\"elementor-widget-container\">\n\t\t\t\t\t\t\t\t\t<p data-content-guid=\"u1253-2_content\"><strong>Was kann man denn nun mit den Andenkamelchen machen?<br \/><\/strong> <br \/>Wir bieten an den Wochenenden einst\u00fcndige gef\u00fchrte Touren f\u00fcr Erwachsene und Kinder ab zehn Jahren an. J\u00fcngere Kinder k\u00f6nnen in Begleitung eines Erwachsenen teilnehmen, jedoch kein eigenes Tier f\u00fchren!<br \/>Wer m\u00f6chte, kann sich noch sportlich bet\u00e4tigen bei einem Geschicklichkeits-Parcours.<\/p><p data-content-guid=\"u1253-6_content\">Wir stehen auch f\u00fcr Junggesellenabschiede, Firmenevents und alle m\u00f6glichen Anl\u00e4sse zur Verf\u00fcgung. Bitte einfach nachfragen, was m\u00f6glich ist!<\/p><p data-content-guid=\"u1253-8_content\">Am 17. Feb. 2018 waren unsere Lamas und Alpakas bei Kai Pflaume in der Sendung &#8222;Klein gegen Gro\u00df&#8220; zu Gast!<br \/><a href=\"https:\/\/www.youtube.com\/watch?v=5aQP2Y8jrT4&amp;feature=youtu.be\" target=\"_blank\" rel=\"noopener\"><span style=\"text-decoration: underline;\">Beim Promotion-Film zum Buch Buch &#8222;Die 5 Sekunden Regel&#8220; haben unsere Lamas mitgespielt!<\/span><\/a><br \/><span style=\"text-decoration: underline;\"><a href=\"https:\/\/www.stuttgarter-zeitung.de\/inhalt.lamas-in-stammheim-mit-lama-und-alpaka-ueber-feld-und-flur.06bea1db-f251-458e-b5f0-c05dcf260c26.html\" target=\"_blank\" rel=\"noopener\">Und hier ein Artikel \u00fcber unsere Lamas in der Stuttgarter Zeitung!<\/a><\/span><\/p>\t\t\t\t\t\t\t\t<\/div>\n\t\t\t\t<\/div>\n\t\t\t\t<div class=\"elementor-element elementor-element-1ce2772 gallery-spacing-custom elementor-widget elementor-widget-image-gallery\" data-id=\"1ce2772\" data-element_type=\"widget\" data-widget_type=\"image-gallery.default\">\n\t\t\t\t<div class=\"elementor-widget-container\">\n\t\t\t\t\t\t\t<div class=\"elementor-image-gallery\">\n\t\t\t<div id='gallery-1' class='gallery galleryid-106 gallery-columns-3 gallery-size-medium_large'><figure class='gallery-item'>\n\t\t\t<div class='gallery-icon landscape'>\n\t\t\t\t<a data-elementor-open-lightbox=\"yes\" data-elementor-lightbox-slideshow=\"1ce2772\" data-elementor-lightbox-title=\"1angebot\" data-e-action-hash=\"#elementor-action%3Aaction%3Dlightbox%26settings%3DeyJpZCI6MTA5LCJ1cmwiOiJodHRwczpcL1wvbGFtYXMtc3R1dHRnYXJ0LmRlXC93cC1jb250ZW50XC91cGxvYWRzXC8yMDIwXC8wOVwvMWFuZ2Vib3QuanBnIiwic2xpZGVzaG93IjoiMWNlMjc3MiJ9\" href='https:\/\/lamas-stuttgart.de\/wp-content\/uploads\/2020\/09\/1angebot.jpg'><img decoding=\"async\" width=\"768\" height=\"460\" src=\"https:\/\/lamas-stuttgart.de\/wp-content\/uploads\/2020\/09\/1angebot-768x460.jpg\" class=\"attachment-medium_large size-medium_large\" alt=\"\" srcset=\"https:\/\/lamas-stuttgart.de\/wp-content\/uploads\/2020\/09\/1angebot-768x460.jpg 768w, https:\/\/lamas-stuttgart.de\/wp-content\/uploads\/2020\/09\/1angebot-300x180.jpg 300w, https:\/\/lamas-stuttgart.de\/wp-content\/uploads\/2020\/09\/1angebot-1024x614.jpg 1024w, https:\/\/lamas-stuttgart.de\/wp-content\/uploads\/2020\/09\/1angebot-1536x921.jpg 1536w, https:\/\/lamas-stuttgart.de\/wp-content\/uploads\/2020\/09\/1angebot-2048x1228.jpg 2048w, https:\/\/lamas-stuttgart.de\/wp-content\/uploads\/2020\/09\/1angebot.jpg 1000w\" sizes=\"(max-width: 768px) 100vw, 768px\" \/><\/a>\n\t\t\t<\/div><\/figure><figure class='gallery-item'>\n\t\t\t<div class='gallery-icon landscape'>\n\t\t\t\t<a data-elementor-open-lightbox=\"yes\" data-elementor-lightbox-slideshow=\"1ce2772\" data-elementor-lightbox-title=\"2angebot\" data-e-action-hash=\"#elementor-action%3Aaction%3Dlightbox%26settings%3DeyJpZCI6MTEwLCJ1cmwiOiJodHRwczpcL1wvbGFtYXMtc3R1dHRnYXJ0LmRlXC93cC1jb250ZW50XC91cGxvYWRzXC8yMDIwXC8wOVwvMmFuZ2Vib3QuanBnIiwic2xpZGVzaG93IjoiMWNlMjc3MiJ9\" href='https:\/\/lamas-stuttgart.de\/wp-content\/uploads\/2020\/09\/2angebot.jpg'><img decoding=\"async\" width=\"768\" height=\"460\" src=\"https:\/\/lamas-stuttgart.de\/wp-content\/uploads\/2020\/09\/2angebot-768x460.jpg\" class=\"attachment-medium_large size-medium_large\" alt=\"\" srcset=\"https:\/\/lamas-stuttgart.de\/wp-content\/uploads\/2020\/09\/2angebot-768x460.jpg 768w, https:\/\/lamas-stuttgart.de\/wp-content\/uploads\/2020\/09\/2angebot-300x180.jpg 300w, https:\/\/lamas-stuttgart.de\/wp-content\/uploads\/2020\/09\/2angebot-1024x614.jpg 1024w, https:\/\/lamas-stuttgart.de\/wp-content\/uploads\/2020\/09\/2angebot-1536x921.jpg 1536w, https:\/\/lamas-stuttgart.de\/wp-content\/uploads\/2020\/09\/2angebot-2048x1228.jpg 2048w, https:\/\/lamas-stuttgart.de\/wp-content\/uploads\/2020\/09\/2angebot.jpg 1000w\" sizes=\"(max-width: 768px) 100vw, 768px\" \/><\/a>\n\t\t\t<\/div><\/figure><figure class='gallery-item'>\n\t\t\t<div class='gallery-icon landscape'>\n\t\t\t\t<a data-elementor-open-lightbox=\"yes\" data-elementor-lightbox-slideshow=\"1ce2772\" data-elementor-lightbox-title=\"3angebot\" data-e-action-hash=\"#elementor-action%3Aaction%3Dlightbox%26settings%3DeyJpZCI6MTE4LCJ1cmwiOiJodHRwczpcL1wvbGFtYXMtc3R1dHRnYXJ0LmRlXC93cC1jb250ZW50XC91cGxvYWRzXC8yMDIwXC8wOVwvM2FuZ2Vib3QuanBnIiwic2xpZGVzaG93IjoiMWNlMjc3MiJ9\" href='https:\/\/lamas-stuttgart.de\/wp-content\/uploads\/2020\/09\/3angebot.jpg'><img loading=\"lazy\" decoding=\"async\" width=\"768\" height=\"461\" src=\"https:\/\/lamas-stuttgart.de\/wp-content\/uploads\/2020\/09\/3angebot-768x461.jpg\" class=\"attachment-medium_large size-medium_large\" alt=\"\" srcset=\"https:\/\/lamas-stuttgart.de\/wp-content\/uploads\/2020\/09\/3angebot-768x461.jpg 768w, https:\/\/lamas-stuttgart.de\/wp-content\/uploads\/2020\/09\/3angebot-300x180.jpg 300w, https:\/\/lamas-stuttgart.de\/wp-content\/uploads\/2020\/09\/3angebot-1024x614.jpg 1024w, https:\/\/lamas-stuttgart.de\/wp-content\/uploads\/2020\/09\/3angebot-1536x922.jpg 1536w, https:\/\/lamas-stuttgart.de\/wp-content\/uploads\/2020\/09\/3angebot-2048x1229.jpg 2048w, https:\/\/lamas-stuttgart.de\/wp-content\/uploads\/2020\/09\/3angebot.jpg 1000w\" sizes=\"(max-width: 768px) 100vw, 768px\" \/><\/a>\n\t\t\t<\/div><\/figure>\n\t\t<\/div>\n\t\t<\/div>\n\t\t\t\t\t\t<\/div>\n\t\t\t\t<\/div>\n\t\t\t\t\t<\/div>\n\t\t<\/div>\n\t\t\t\t\t<\/div>\n\t\t<\/section>\n\t\t\t\t<\/div>\n\t\t","protected":false},"excerpt":{"rendered":"<p>Was kann man denn nun mit den Andenkamelchen machen? Wir bieten an den Wochenenden einst\u00fcndige gef\u00fchrte Touren f\u00fcr Erwachsene und Kinder ab zehn Jahren an. J\u00fcngere Kinder k\u00f6nnen in Begleitung eines Erwachsenen teilnehmen, jedoch kein eigenes Tier f\u00fchren!Wer m\u00f6chte, kann sich noch sportlich bet\u00e4tigen bei einem Geschicklichkeits-Parcours. Wir stehen auch f\u00fcr Junggesellenabschiede, Firmenevents und alle [&hellip;]<\/p>\n","protected":false},"author":1,"featured_media":0,"parent":0,"menu_order":0,"comment_status":"closed","ping_status":"closed","template":"elementor_header_footer","meta":{"footnotes":""},"class_list":["post-106","page","type-page","status-publish","hentry","entry"],"_links":{"self":[{"href":"https:\/\/lamas-stuttgart.de\/index.php\/wp-json\/wp\/v2\/pages\/106","targetHints":{"allow":["GET"]}}],"collection":[{"href":"https:\/\/lamas-stuttgart.de\/index.php\/wp-json\/wp\/v2\/pages"}],"about":[{"href":"https:\/\/lamas-stuttgart.de\/index.php\/wp-json\/wp\/v2\/types\/page"}],"author":[{"embeddable":true,"href":"https:\/\/lamas-stuttgart.de\/index.php\/wp-json\/wp\/v2\/users\/1"}],"replies":[{"embeddable":true,"href":"https:\/\/lamas-stuttgart.de\/index.php\/wp-json\/wp\/v2\/comments?post=106"}],"version-history":[{"count":0,"href":"https:\/\/lamas-stuttgart.de\/index.php\/wp-json\/wp\/v2\/pages\/106\/revisions"}],"wp:attachment":[{"href":"https:\/\/lamas-stuttgart.de\/index.php\/wp-json\/wp\/v2\/media?parent=106"}],"curies":[{"name":"wp","href":"https:\/\/api.w.org\/{rel}","templated":true}]}}